{"id":1549,"date":"2023-02-09T13:35:53","date_gmt":"2023-02-09T12:35:53","guid":{"rendered":"https:\/\/www.wasteinprogress.net\/el-foro\/"},"modified":"2023-03-08T12:03:53","modified_gmt":"2023-03-08T11:03:53","slug":"el-forum","status":"publish","type":"page","link":"https:\/\/www.wasteinprogress.net\/es\/el-forum\/","title":{"rendered":"El f\u00f3rum"},"content":{"rendered":"<p>[et_pb_section fb_built=&#8221;1&#8243; _builder_version=&#8221;4.19.5&#8243; _module_preset=&#8221;default&#8221; custom_margin=&#8221;||0px||false|false&#8221; custom_padding=&#8221;||2px|||&#8221; global_colors_info=&#8221;{}&#8221;][et_pb_row column_structure=&#8221;2_5,3_5&#8243; _builder_version=&#8221;4.19.5&#8243; _module_preset=&#8221;default&#8221; global_colors_info=&#8221;{}&#8221;][et_pb_column type=&#8221;2_5&#8243; _builder_version=&#8221;4.19.5&#8243; _module_preset=&#8221;default&#8221; global_colors_info=&#8221;{}&#8221;][et_pb_text _builder_version=&#8221;4.19.5&#8243; _module_preset=&#8221;default&#8221; header_2_font=&#8221;|300|||||||&#8221; header_2_font_size=&#8221;3.8rem&#8221; header_2_line_height=&#8221;3.3rem&#8221; max_width=&#8221;350px&#8221; custom_margin=&#8221;1rem||1rem||true|false&#8221; global_colors_info=&#8221;{}&#8221;]<\/p>\n<h2>F\u00f3rum internacional de gesti\u00f3n de residuos municipales<\/h2>\n<p>[\/et_pb_text][et_pb_text _builder_version=&#8221;4.19.5&#8243; _module_preset=&#8221;default&#8221; text_font_size=&#8221;1.2rem&#8221; max_width=&#8221;350px&#8221; global_colors_info=&#8221;{}&#8221;]<\/p>\n<p>Presentaci\u00f3n de casos de \u00e9xito a nivel internacional y nuevas herramientas para la gesti\u00f3n de los residuos municipales.<\/p>\n<p>[\/et_pb_text][\/et_pb_column][et_pb_column type=&#8221;3_5&#8243; _builder_version=&#8221;4.19.5&#8243; _module_preset=&#8221;default&#8221; global_colors_info=&#8221;{}&#8221;][et_pb_image src=&#8221;https:\/\/www.wasteinprogress.net\/wp-content\/uploads\/2023\/03\/forum_wasteinprogress_6.jpg&#8221; title_text=&#8221;forum_wasteinprogress_6&#8243; _builder_version=&#8221;4.19.5&#8243; _module_preset=&#8221;87906cfe-6838-4628-a28c-af6a9db9e3e1&#8243; global_colors_info=&#8221;{}&#8221;][\/et_pb_image][\/et_pb_column][\/et_pb_row][\/et_pb_section][et_pb_section fb_built=&#8221;1&#8243; _builder_version=&#8221;4.19.5&#8243; _module_preset=&#8221;default&#8221; custom_padding=&#8221;4px||2px|||&#8221; global_colors_info=&#8221;{}&#8221;][et_pb_row column_structure=&#8221;3_5,2_5&#8243; _builder_version=&#8221;4.19.5&#8243; _module_preset=&#8221;default&#8221; global_colors_info=&#8221;{}&#8221;][et_pb_column type=&#8221;3_5&#8243; admin_label=&#8221;Column&#8221; _builder_version=&#8221;4.19.5&#8243; _module_preset=&#8221;default&#8221; global_colors_info=&#8221;{}&#8221;][et_pb_image src=&#8221;https:\/\/www.wasteinprogress.net\/wp-content\/uploads\/2023\/03\/forum-wasteinprogress-2.png&#8221; title_text=&#8221;forum-wasteinprogress-2&#8243; _builder_version=&#8221;4.19.5&#8243; _module_preset=&#8221;87906cfe-6838-4628-a28c-af6a9db9e3e1&#8243; global_colors_info=&#8221;{}&#8221;][\/et_pb_image][\/et_pb_column][et_pb_column type=&#8221;2_5&#8243; _builder_version=&#8221;4.19.5&#8243; _module_preset=&#8221;default&#8221; global_colors_info=&#8221;{}&#8221;][et_pb_text _builder_version=&#8221;4.19.5&#8243; _module_preset=&#8221;default&#8221; header_2_font=&#8221;|300|||||||&#8221; header_2_font_size=&#8221;3.8rem&#8221; header_2_line_height=&#8221;3.3rem&#8221; max_width=&#8221;370px&#8221; custom_margin=&#8221;1rem||1rem||true|false&#8221; global_colors_info=&#8221;{}&#8221;]<\/p>\n<h2>Escaparate de proyectos de innovaci\u00f3n empresarial<\/h2>\n<p>[\/et_pb_text][et_pb_text _builder_version=&#8221;4.19.5&#8243; _module_preset=&#8221;default&#8221; text_font_size=&#8221;1.2rem&#8221; max_width=&#8221;350px&#8221; global_colors_info=&#8221;{}&#8221;]<\/p>\n<p>Proyectos que pueden contribuir a la consecuci\u00f3n de los objetivos y de los resultados de reciclaje.<\/p>\n<p>[\/et_pb_text][\/et_pb_column][\/et_pb_row][\/et_pb_section][et_pb_section fb_built=&#8221;1&#8243; _builder_version=&#8221;4.19.5&#8243; _module_preset=&#8221;default&#8221; custom_padding=&#8221;1px||2px|||&#8221; global_colors_info=&#8221;{}&#8221;][et_pb_row column_structure=&#8221;2_5,3_5&#8243; _builder_version=&#8221;4.19.5&#8243; _module_preset=&#8221;default&#8221; global_colors_info=&#8221;{}&#8221;][et_pb_column type=&#8221;2_5&#8243; _builder_version=&#8221;4.19.5&#8243; _module_preset=&#8221;default&#8221; global_colors_info=&#8221;{}&#8221;][et_pb_text _builder_version=&#8221;4.19.5&#8243; _module_preset=&#8221;default&#8221; header_2_font=&#8221;|300|||||||&#8221; header_2_font_size=&#8221;3.8rem&#8221; header_2_line_height=&#8221;3.3rem&#8221; max_width=&#8221;350px&#8221; custom_margin=&#8221;1rem||1rem||true|false&#8221; global_colors_info=&#8221;{}&#8221;]<\/p>\n<h2>Punto de encuentro profesional<\/h2>\n<p>[\/et_pb_text][et_pb_text _builder_version=&#8221;4.19.5&#8243; _module_preset=&#8221;default&#8221; text_font_size=&#8221;1.2rem&#8221; max_width=&#8221;350px&#8221; global_colors_info=&#8221;{}&#8221;]<\/p>\n<p>Presencia de empresas especializadas que pueden acompa\u00f1ar a las administraciones en el proceso de mejora de la gesti\u00f3n de los residuos.<\/p>\n<p>[\/et_pb_text][\/et_pb_column][et_pb_column type=&#8221;3_5&#8243; _builder_version=&#8221;4.19.5&#8243; _module_preset=&#8221;default&#8221; global_colors_info=&#8221;{}&#8221;][et_pb_image src=&#8221;https:\/\/www.wasteinprogress.net\/wp-content\/uploads\/2023\/03\/forum_wasteinprogress_3.jpg&#8221; title_text=&#8221;forum_wasteinprogress_3&#8243; _builder_version=&#8221;4.19.5&#8243; _module_preset=&#8221;87906cfe-6838-4628-a28c-af6a9db9e3e1&#8243; global_colors_info=&#8221;{}&#8221;][\/et_pb_image][\/et_pb_column][\/et_pb_row][\/et_pb_section][et_pb_section fb_built=&#8221;1&#8243; _builder_version=&#8221;4.19.5&#8243; _module_preset=&#8221;default&#8221; custom_padding=&#8221;1px||3px|||&#8221; global_colors_info=&#8221;{}&#8221;][et_pb_row column_structure=&#8221;3_5,2_5&#8243; _builder_version=&#8221;4.19.5&#8243; _module_preset=&#8221;default&#8221; global_colors_info=&#8221;{}&#8221;][et_pb_column type=&#8221;3_5&#8243; admin_label=&#8221;Column&#8221; _builder_version=&#8221;4.19.5&#8243; _module_preset=&#8221;default&#8221; global_colors_info=&#8221;{}&#8221;][et_pb_image src=&#8221;https:\/\/www.wasteinprogress.net\/wp-content\/uploads\/2023\/03\/forum_wasteinprogress_4.jpg&#8221; title_text=&#8221;forum_wasteinprogress_4&#8243; _builder_version=&#8221;4.19.5&#8243; _module_preset=&#8221;87906cfe-6838-4628-a28c-af6a9db9e3e1&#8243; global_colors_info=&#8221;{}&#8221;][\/et_pb_image][\/et_pb_column][et_pb_column type=&#8221;2_5&#8243; _builder_version=&#8221;4.19.5&#8243; _module_preset=&#8221;default&#8221; global_colors_info=&#8221;{}&#8221;][et_pb_text _builder_version=&#8221;4.19.5&#8243; _module_preset=&#8221;default&#8221; header_2_font=&#8221;|300|||||||&#8221; header_2_font_size=&#8221;3.8rem&#8221; header_2_line_height=&#8221;3.3rem&#8221; max_width=&#8221;370px&#8221; custom_margin=&#8221;1rem||1rem||true|false&#8221; global_colors_info=&#8221;{}&#8221;]<\/p>\n<h2>Espacio de conexi\u00f3n entre el sector p\u00fablico y el privado<\/h2>\n<p>[\/et_pb_text][et_pb_text _builder_version=&#8221;4.19.5&#8243; _module_preset=&#8221;default&#8221; text_font_size=&#8221;1.2rem&#8221; max_width=&#8221;350px&#8221; global_colors_info=&#8221;{}&#8221;]<\/p>\n<p>Espacio basado en el conocimiento y la innovaci\u00f3n, en el \u00e1mbito de la gesti\u00f3n de residuos municipales.<\/p>\n<p>[\/et_pb_text][\/et_pb_column][\/et_pb_row][\/et_pb_section][et_pb_section fb_built=&#8221;1&#8243; _builder_version=&#8221;4.19.5&#8243; _module_preset=&#8221;default&#8221; custom_padding=&#8221;2px|||||&#8221; global_colors_info=&#8221;{}&#8221;][et_pb_row column_structure=&#8221;2_5,3_5&#8243; _builder_version=&#8221;4.19.5&#8243; _module_preset=&#8221;default&#8221; global_colors_info=&#8221;{}&#8221;][et_pb_column type=&#8221;2_5&#8243; _builder_version=&#8221;4.19.5&#8243; _module_preset=&#8221;default&#8221; global_colors_info=&#8221;{}&#8221;][et_pb_text _builder_version=&#8221;4.19.5&#8243; _module_preset=&#8221;default&#8221; header_2_font=&#8221;|300|||||||&#8221; header_2_font_size=&#8221;3.8rem&#8221; header_2_line_height=&#8221;3.3rem&#8221; max_width=&#8221;350px&#8221; custom_margin=&#8221;1rem||1rem||true|false&#8221; global_colors_info=&#8221;{}&#8221;]<\/p>\n<h2>Girona,<br \/>el sitio ideal<\/h2>\n<p>[\/et_pb_text][et_pb_text _builder_version=&#8221;4.19.5&#8243; _module_preset=&#8221;default&#8221; text_text_color=&#8221;gcid-6d6e1e99-4c54-4dc2-87c4-4be937d993f0&#8243; text_font_size=&#8221;1.2rem&#8221; max_width=&#8221;350px&#8221; hover_enabled=&#8221;0&#8243; global_colors_info=&#8221;{%22gcid-6d6e1e99-4c54-4dc2-87c4-4be937d993f0%22:%91%22text_text_color%22%93}&#8221; text_font_size__hover_enabled=&#8221;on|desktop&#8221; text_font_size__hover=&#8221;1.2rem&#8221; sticky_enabled=&#8221;0&#8243;]<\/p>\n<p><strong style=\"color: #4e214c;\">Ciudad l\u00edder en recogida selectiva<\/strong><br \/>Mejores resultados de recogida selectiva de las ciudades catalanas de m\u00e1s de 50.000 habitantes.<\/p>\n<p><strong style=\"color: #4e214c;\">Polo de conocimiento y ciudad universitaria<\/strong><br \/>Desarrollo de la ciudad vinculado a la Universidad. Campus transversal y multidisciplinar con presencia en toda la ciudad.<\/p>\n<p><strong style=\"color: #4e214c;\">Buena ubicaci\u00f3n geogr\u00e1fica<\/strong><br \/>Conectada con Europa y la Pen\u00ednsula a trav\u00e9s de las redes a\u00e9rea, ferroviaria (TAV) y vial.<\/p>\n<p><strong style=\"color: #4e214c;\">Excelente oferta hotelera y gastron\u00f3mica<\/strong><br \/>M\u00e1s de 700 habitaciones en hoteles de 3 y 4 estrellas. Variedad de oferta gastron\u00f3mica, con productos de proximidad de mar y monta\u00f1a.<\/p>\n<p>[\/et_pb_text][\/et_pb_column][et_pb_column type=&#8221;3_5&#8243; _builder_version=&#8221;4.19.5&#8243; _module_preset=&#8221;default&#8221; global_colors_info=&#8221;{}&#8221;][et_pb_image src=&#8221;https:\/\/www.wasteinprogress.net\/wp-content\/uploads\/2023\/03\/forum_wasteinprogress_16.png&#8221; title_text=&#8221;forum_wasteinprogress_16&#8243; _builder_version=&#8221;4.19.5&#8243; _module_preset=&#8221;87906cfe-6838-4628-a28c-af6a9db9e3e1&#8243; global_colors_info=&#8221;{}&#8221;][\/et_pb_image][\/et_pb_column][\/et_pb_row][\/et_pb_section]<\/p>\n","protected":false},"excerpt":{"rendered":"<p>El f\u00f3rum 2023 sigue el concepto de las \u00faltimas experiencias de \u00e9xito internacional en relaci\u00f3n a la recogida de residuos municipales.<\/p>\n","protected":false},"author":1,"featured_media":1053,"parent":0,"menu_order":127,"comment_status":"closed","ping_status":"closed","template":"","meta":{"_acf_changed":false,"_et_pb_use_builder":"on","_et_pb_old_content":"","_et_gb_content_width":"","footnotes":""},"class_list":["post-1549","page","type-page","status-publish","has-post-thumbnail","hentry"],"acf":[],"_links":{"self":[{"href":"https:\/\/www.wasteinprogress.net\/es\/wp-json\/wp\/v2\/pages\/1549","targetHints":{"allow":["GET"]}}],"collection":[{"href":"https:\/\/www.wasteinprogress.net\/es\/wp-json\/wp\/v2\/pages"}],"about":[{"href":"https:\/\/www.wasteinprogress.net\/es\/wp-json\/wp\/v2\/types\/page"}],"author":[{"embeddable":true,"href":"https:\/\/www.wasteinprogress.net\/es\/wp-json\/wp\/v2\/users\/1"}],"replies":[{"embeddable":true,"href":"https:\/\/www.wasteinprogress.net\/es\/wp-json\/wp\/v2\/comments?post=1549"}],"version-history":[{"count":0,"href":"https:\/\/www.wasteinprogress.net\/es\/wp-json\/wp\/v2\/pages\/1549\/revisions"}],"wp:featuredmedia":[{"embeddable":true,"href":"https:\/\/www.wasteinprogress.net\/es\/wp-json\/wp\/v2\/media\/1053"}],"wp:attachment":[{"href":"https:\/\/www.wasteinprogress.net\/es\/wp-json\/wp\/v2\/media?parent=1549"}],"curies":[{"name":"wp","href":"https:\/\/api.w.org\/{rel}","templated":true}]}}