{"id":234945,"date":"2025-05-05T11:51:49","date_gmt":"2025-05-05T09:51:49","guid":{"rendered":"https:\/\/www.wasteinprogress.net\/inscripcions\/entrada-2-dias\/"},"modified":"2025-05-23T12:04:50","modified_gmt":"2025-05-23T10:04:50","slug":"entrada-2-dias","status":"publish","type":"product","link":"https:\/\/www.wasteinprogress.net\/es\/inscripcions\/entrada-2-dias\/","title":{"rendered":"Entrada 2 d\u00edas"},"content":{"rendered":"<p>Entradas para dos jornadas del Waste in Progress 2025.<\/p>\n<ul>\n<li><strong>P\u00fablico: 310\u20ac<\/strong> \u2014 Administraci\u00f3n y empresas p\u00fablicas, entidades y asociaciones sin \u00e1nimo de lucro.<\/li>\n<li><strong>Privado: 435\u20ac<\/strong> \u2014 Empresa privada y otros profesionales.<\/li>\n<\/ul>\n","protected":false},"excerpt":{"rendered":"<p>Entradas para dos jornadas del Waste in Progress 2025.<\/p>\n<ul>\n<li><strong>P\u00fablico: 310\u20ac<\/strong> \u2014 Administraci\u00f3n y empresas p\u00fablicas, entidades y asociaciones sin \u00e1nimo de lucro.<\/li>\n<li><strong>Privado: 435\u20ac<\/strong> \u2014 Empresa privada y otros profesionales.<\/li>\n<\/ul>\n","protected":false},"featured_media":234851,"template":"","meta":{"_acf_changed":false,"_et_pb_use_builder":"","_et_pb_old_content":"","_et_gb_content_width":""},"product_brand":[],"product_cat":[87],"product_tag":[],"class_list":{"0":"post-234945","1":"product","2":"type-product","3":"status-publish","4":"has-post-thumbnail","6":"product_cat-entradas-waste-in-progress","8":"first","9":"instock","10":"taxable","11":"shipping-taxable","12":"purchasable","13":"product-type-variable","14":"has-default-attributes"},"acf":[],"_links":{"self":[{"href":"https:\/\/www.wasteinprogress.net\/es\/wp-json\/wp\/v2\/product\/234945","targetHints":{"allow":["GET"]}}],"collection":[{"href":"https:\/\/www.wasteinprogress.net\/es\/wp-json\/wp\/v2\/product"}],"about":[{"href":"https:\/\/www.wasteinprogress.net\/es\/wp-json\/wp\/v2\/types\/product"}],"wp:featuredmedia":[{"embeddable":true,"href":"https:\/\/www.wasteinprogress.net\/es\/wp-json\/wp\/v2\/media\/234851"}],"wp:attachment":[{"href":"https:\/\/www.wasteinprogress.net\/es\/wp-json\/wp\/v2\/media?parent=234945"}],"wp:term":[{"taxonomy":"product_brand","embeddable":true,"href":"https:\/\/www.wasteinprogress.net\/es\/wp-json\/wp\/v2\/product_brand?post=234945"},{"taxonomy":"product_cat","embeddable":true,"href":"https:\/\/www.wasteinprogress.net\/es\/wp-json\/wp\/v2\/product_cat?post=234945"},{"taxonomy":"product_tag","embeddable":true,"href":"https:\/\/www.wasteinprogress.net\/es\/wp-json\/wp\/v2\/product_tag?post=234945"}],"curies":[{"name":"wp","href":"https:\/\/api.w.org\/{rel}","templated":true}]}}